{"id":4128,"date":"2021-07-20T20:16:51","date_gmt":"2021-07-20T17:16:51","guid":{"rendered":"https:\/\/vandynail.com\/product\/gel-de-caoutchouc-vandy\/"},"modified":"2021-07-20T20:16:51","modified_gmt":"2021-07-20T17:16:51","slug":"gel-de-caoutchouc-vandy","status":"publish","type":"product","link":"https:\/\/vandynail.com\/fr\/product\/gel-de-caoutchouc-vandy\/","title":{"rendered":"Gel de caoutchouc VANDY"},"content":{"rendered":"","protected":false},"excerpt":{"rendered":"<p>Il a une \u00e9lasticit\u00e9 et une flexibilit\u00e9 extraordinaires et se plie facilement sans se casser. Facile \u00e0 utiliser et sans odeur<br \/>\n15 ml 0.5oz<\/p>\n","protected":false},"featured_media":4129,"comment_status":"open","ping_status":"closed","template":"","meta":[],"product_cat":[84],"product_tag":[],"class_list":{"0":"post-4128","1":"product","2":"type-product","3":"status-publish","4":"has-post-thumbnail","6":"product_cat-produits-vandy","8":"first","9":"instock","10":"shipping-taxable","11":"purchasable","12":"product-type-simple"},"_links":{"self":[{"href":"https:\/\/vandynail.com\/fr\/wp-json\/wp\/v2\/product\/4128"}],"collection":[{"href":"https:\/\/vandynail.com\/fr\/wp-json\/wp\/v2\/product"}],"about":[{"href":"https:\/\/vandynail.com\/fr\/wp-json\/wp\/v2\/types\/product"}],"replies":[{"embeddable":true,"href":"https:\/\/vandynail.com\/fr\/wp-json\/wp\/v2\/comments?post=4128"}],"wp:featuredmedia":[{"embeddable":true,"href":"https:\/\/vandynail.com\/fr\/wp-json\/wp\/v2\/media\/4129"}],"wp:attachment":[{"href":"https:\/\/vandynail.com\/fr\/wp-json\/wp\/v2\/media?parent=4128"}],"wp:term":[{"taxonomy":"product_cat","embeddable":true,"href":"https:\/\/vandynail.com\/fr\/wp-json\/wp\/v2\/product_cat?post=4128"},{"taxonomy":"product_tag","embeddable":true,"href":"https:\/\/vandynail.com\/fr\/wp-json\/wp\/v2\/product_tag?post=4128"}],"curies":[{"name":"wp","href":"https:\/\/api.w.org\/{rel}","templated":true}]}}